{"id":19,"date":"2017-04-17T16:15:41","date_gmt":"2017-04-17T16:15:41","guid":{"rendered":"http:\/\/neu.flez-orange.de\/?page_id=19"},"modified":"2017-04-17T16:28:58","modified_gmt":"2017-04-17T16:28:58","slug":"impressum","status":"publish","type":"page","link":"http:\/\/www.flez-orange.de\/?page_id=19","title":{"rendered":"Impressum"},"content":{"rendered":"<p>Flez Orange<br \/>\nc\/o. Veronika Keglmaier<br \/>\nPeinkoferstra\u00dfe 6<br \/>\n84030 Landshut<br \/>\nTel.: 0871 \/ 3191103<br \/>\ne-Mail: <a href=\"mailto:veronika@flez-orange.de\">veronika@flez-orange.de<\/a><\/p>\n<p>Webmaster: FLEZ ORANGE vertreten durch Wolfgang Perzlmeier<\/p>\n<p>Seiteninhaber:<br \/>\nWolfgang Perzlmeier<br \/>\nPeinkoferstra\u00dfe 6<br \/>\n84030 Landshut<br \/>\nTel.: 0871 \/ 3191103<br \/>\ne-Mail: <a href=\"mailto:wolfgang@perzlmeier.eu\">wolfgang@perzlmeier.eu<\/a><\/p>\n<p>Datenschutzhinweis<\/p>\n<p>Mit der Eingabe Ihrer pers\u00f6nlichen Daten willigen Sie ein, dass Flez Orange Ihre personenbezogenen Daten zur Durchf\u00fchrung und Abwicklung der von Ihnen gew\u00e4hlten Dienste verarbeiten und nutzen darf. Diese Angaben werden ausschlie\u00dflich f\u00fcr diesen Zweck verwendet, zu dem Sie uns die Daten mitgeteilt haben. Das schlie\u00dft ein, dass Ihre Daten, soweit erforderlich, innerhalb von Flez Orange oder an Vertragspartner von Flez Orange weitergegeben werden, damit die von Ihnen gew\u00fcnschten Dienste erbracht werden k\u00f6nnen. Sie haben das Recht, Ihre Einwilligung jederzeit f\u00fcr die Zukunft zu widerrufen. Soweit Ihre Daten jedoch zur Abwicklung bereits bestellter Dienste oder Waren ben\u00f6tigt werden, sind wir gem\u00e4\u00df \u00a728 Abs. Nr. 1 BDSG berechtigt, Ihre Daten hierf\u00fcr zu verwenden.<br \/>\nFlez Orange pr\u00fcft und aktualisiert die Informationen auf ihren Webseiten st\u00e4ndig. Trotz aller Sorgfalt k\u00f6nnen sich die Daten inzwischen ver\u00e4ndert haben. Eine Haftung oder Garantie f\u00fcr die Aktualit\u00e4t, Richtigkeit und Vollst\u00e4ndigkeit der zur Verf\u00fcgung gestellten Informationen kann daher nicht \u00fcbernommen werden. Gleiches gilt auch f\u00fcr alle anderen Websites, auf die mittels Hyperlink verwiesen wird. Flez Orange ist f\u00fcr den Inhalt der Websites, die ggf. mit dieser Website verlinkt sind, nicht verantwortlich.<br \/>\nDes weiteren beh\u00e4lt sich Flez Orange das Recht vor, \u00c4nderungen oder Erg\u00e4nzungen der bereitgestellten Informationen vorzunehmen.<br \/>\nInhalt und Struktur der Flez Orange Website sind urheberrechtlich gesch\u00fctzt. Die Vervielf\u00e4ltigung von Informationen oder Daten, insbesondere die Verwendung von Texten, Textteilen oder Bildmaterial bedarf der vorherigen Zustimmung von Flez Orange<br \/>\nAls Diensteanbieter sind wir gem\u00e4\u00df \u00a7 7 Abs.1 TMG f\u00fcr eigene Inhalte auf diesen Seiten nach den allgemeinen Gesetzen verantwortlich. Nach \u00a7\u00a7 8 bis 10 TMG sind wir als Diensteanbieter jedoch nicht verpflichtet, \u00fcbermittelte oder gespeicherte fremde Informationen zu \u00fcberwachen oder nach Umst\u00e4nden zu forschen, die auf eine rechtswidrige T\u00e4tigkeit hinweisen. Verpflichtungen zur Entfernung oder Sperrung der Nutzung von Informationen nach den allgemeinen Gesetzen bleiben hiervon unber\u00fchrt. Eine diesbez\u00fcgliche Haftung ist jedoch erst ab dem Zeitpunkt der Kenntnis einer konkreten Rechtsverletzung m\u00f6glich. Bei Bekanntwerden von entsprechenden Rechtsverletzungen werden wir diese Inhalte umgehend entfernen.<br \/>\nDas Landgericht Hamburg hat mit Urteil vom 12.05.1998 entschieden, dass man durch die Ausbringung eines Links die Inhalte der gelinkten Seite ggf. mit zu verantworten hat. Dies kann &#8211; so das LG &#8211; nur dadurch verhindert werden, dass man sich ausdr\u00fccklich von diesen Inhalten distanziert. Wir haben auf dieser Seite Links zu anderen Seiten im Internet hintergelegt. F\u00fcr alle diese Links gilt: &#8221; Wir m\u00f6chten ausdr\u00fccklich betonen, dass wir keinerlei Einfluss auf die Gestaltung und die Inhalte der gelinkten Seiten haben. Deshalb distanzieren wir uns hiermit ausdr\u00fccklich von allen Inhalten aller gelinkten Seiten auf dieser gesamten Webseite inkl. aller Unterseiten. Diese Erkl\u00e4rung gilt f\u00fcr alle auf dieser Homepage ausgebrachten Links und f\u00fcr alle Inhalte der Seiten, zu denen Links oder Banner f\u00fchren.&#8221;<br \/>\nDer Nutzung von im Rahmen der Impressumspflicht ver\u00f6ffentlichten Kontaktdaten durch Dritte zur \u00dcbersendung von nicht ausdr\u00fccklich angeforderter Werbung und Informationsmaterialien wird hiermit ausdr\u00fccklich widersprochen. Die Betreiber der Seiten behalten sich ausdr\u00fccklich rechtliche Schritte im Falle der unverlangten Zusendung von Werbeinformationen, etwa durch Spam-Mails, vor.<\/p>\n<p>Internet: <a href=\"http:\/\/www.flez-orange.de\">www.flez-orange.de<\/a><\/p>\n","protected":false},"excerpt":{"rendered":"<p>Flez Orange c\/o. Veronika Keglmaier Peinkoferstra\u00dfe 6 84030 Landshut Tel.: 0871 \/ 3191103 e-Mail: veronika@flez-orange.de Webmaster: FLEZ ORANGE vertreten durch Wolfgang Perzlmeier Seiteninhaber: Wolfgang Perzlmeier Peinkoferstra\u00dfe 6 84030 Landshut Tel.: 0871 \/ 3191103 e-Mail: wolfgang@perzlmeier.eu Datenschutzhinweis Mit der Eingabe Ihrer<\/p>\n","protected":false},"author":1,"featured_media":0,"parent":0,"menu_order":0,"comment_status":"closed","ping_status":"closed","template":"","meta":[],"_links":{"self":[{"href":"http:\/\/www.flez-orange.de\/index.php?rest_route=\/wp\/v2\/pages\/19"}],"collection":[{"href":"http:\/\/www.flez-orange.de\/index.php?rest_route=\/wp\/v2\/pages"}],"about":[{"href":"http:\/\/www.flez-orange.de\/index.php?rest_route=\/wp\/v2\/types\/page"}],"author":[{"embeddable":true,"href":"http:\/\/www.flez-orange.de\/index.php?rest_route=\/wp\/v2\/users\/1"}],"replies":[{"embeddable":true,"href":"http:\/\/www.flez-orange.de\/index.php?rest_route=%2Fwp%2Fv2%2Fcomments&post=19"}],"version-history":[{"count":2,"href":"http:\/\/www.flez-orange.de\/index.php?rest_route=\/wp\/v2\/pages\/19\/revisions"}],"predecessor-version":[{"id":55,"href":"http:\/\/www.flez-orange.de\/index.php?rest_route=\/wp\/v2\/pages\/19\/revisions\/55"}],"wp:attachment":[{"href":"http:\/\/www.flez-orange.de\/index.php?rest_route=%2Fwp%2Fv2%2Fmedia&parent=19"}],"curies":[{"name":"wp","href":"https:\/\/api.w.org\/{rel}","templated":true}]}}